{"id":127,"date":"2024-12-02T16:53:27","date_gmt":"2024-12-02T15:53:27","guid":{"rendered":"http:\/\/localhost\/wordpress\/?page_id=127"},"modified":"2025-10-06T07:55:11","modified_gmt":"2025-10-06T05:55:11","slug":"wymagania-edukacyjne","status":"publish","type":"page","link":"https:\/\/www.zstrzcinica.pl\/wp\/?page_id=127","title":{"rendered":"Wymagania edukacyjne"},"content":{"rendered":"\n<figure class=\"wp-block-table\"><table class=\"has-fixed-layout\"><tbody><tr><td><strong>J\u0119zyk angielski<\/strong><\/td><\/tr><\/tbody><\/table><\/figure>\n\n\n\n<div class=\"wp-block-file\"><a id=\"wp-block-file--media-b446d040-2577-4ff5-88d0-3f251c8c3162\" href=\"https:\/\/www.zstrzcinica.pl\/wp\/wp-content\/uploads\/2025\/09\/ZASADY-OCENIANIA-WRAZ-Z-WYMAGANIAMI-EDUKACYJNYMI-Z-JEZYKA-ANGIELSKIEGO-W-EKONOMII-I-TURYSTYCE.docx\">ZASADY OCENIANIA WRAZ Z WYMAGANIAMI EDUKACYJNYMI Z J\u0118ZYKA ANGIELSKIEGO W EKONOMII I TURYSTYCE<\/a><a href=\"https:\/\/www.zstrzcinica.pl\/wp\/wp-content\/uploads\/2025\/09\/ZASADY-OCENIANIA-WRAZ-Z-WYMAGANIAMI-EDUKACYJNYMI-Z-JEZYKA-ANGIELSKIEGO-W-EKONOMII-I-TURYSTYCE.docx\" class=\"wp-block-file__button wp-element-button\" download aria-describedby=\"wp-block-file--media-b446d040-2577-4ff5-88d0-3f251c8c3162\">Pobierz<\/a><\/div>\n\n\n\n<div class=\"wp-block-file\"><a id=\"wp-block-file--media-98b2306d-6812-4d38-95f8-5d400bc59005\" href=\"https:\/\/www.zstrzcinica.pl\/wp\/wp-content\/uploads\/2025\/09\/Przedmiotowy-system-oceniania-jezyk-angielski-w-liceum-i-technikum-rok-szkolny-2025-na-2026.odt\">Przedmiotowy system oceniania, j\u0119zyk angielski w liceum i technikum,  rok szkolny 2025 na 2026<\/a><a href=\"https:\/\/www.zstrzcinica.pl\/wp\/wp-content\/uploads\/2025\/09\/Przedmiotowy-system-oceniania-jezyk-angielski-w-liceum-i-technikum-rok-szkolny-2025-na-2026.odt\" class=\"wp-block-file__button wp-element-button\" download aria-describedby=\"wp-block-file--media-98b2306d-6812-4d38-95f8-5d400bc59005\">Pobierz<\/a><\/div>\n\n\n\n<div class=\"wp-block-file\"><a id=\"wp-block-file--media-845ed7df-ff03-4708-9411-5fc072219267\" href=\"https:\/\/www.zstrzcinica.pl\/wp\/wp-content\/uploads\/2025\/09\/Przedmiotowy-system-oceniania-i-wymagania-edukacyjne-Jezyk-angielski-zawodowy.odt\">Przedmiotowy system oceniania i wymagania edukacyjne J\u0119zyk angielski zawodowy<\/a><a href=\"https:\/\/www.zstrzcinica.pl\/wp\/wp-content\/uploads\/2025\/09\/Przedmiotowy-system-oceniania-i-wymagania-edukacyjne-Jezyk-angielski-zawodowy.odt\" class=\"wp-block-file__button wp-element-button\" download aria-describedby=\"wp-block-file--media-845ed7df-ff03-4708-9411-5fc072219267\">Pobierz<\/a><\/div>\n\n\n\n<div class=\"wp-block-file\"><a id=\"wp-block-file--media-f0dd4d8a-586e-424b-90a6-52efa429f87d\" href=\"https:\/\/www.zstrzcinica.pl\/wp\/wp-content\/uploads\/2025\/09\/Repetytorium_KO_PozRoz_150h_PP_24-25.docx\">Repetytorium_KO_PozRoz_150h_PP_24-25<\/a><a href=\"https:\/\/www.zstrzcinica.pl\/wp\/wp-content\/uploads\/2025\/09\/Repetytorium_KO_PozRoz_150h_PP_24-25.docx\" class=\"wp-block-file__button wp-element-button\" download aria-describedby=\"wp-block-file--media-f0dd4d8a-586e-424b-90a6-52efa429f87d\">Pobierz<\/a><\/div>\n\n\n\n<div class=\"wp-block-file\"><a id=\"wp-block-file--media-ecca7a47-4b4b-4446-8384-2b0027c0d6c1\" href=\"https:\/\/www.zstrzcinica.pl\/wp\/wp-content\/uploads\/2025\/09\/Repetytorium_KO_PozPod_90h_PP_24-25.docx\">Repetytorium_KO_PozPod_90h_PP_24-25<\/a><a href=\"https:\/\/www.zstrzcinica.pl\/wp\/wp-content\/uploads\/2025\/09\/Repetytorium_KO_PozPod_90h_PP_24-25.docx\" class=\"wp-block-file__button wp-element-button\" download aria-describedby=\"wp-block-file--media-ecca7a47-4b4b-4446-8384-2b0027c0d6c1\">Pobierz<\/a><\/div>\n\n\n\n<div class=\"wp-block-file\"><a id=\"wp-block-file--media-47e4048c-c862-4dc3-9d17-cdf028596eae\" href=\"https:\/\/www.zstrzcinica.pl\/wp\/wp-content\/uploads\/2025\/09\/Impulse3_B1P_90-150h_Kryteria_Oceny_PP_24-25-1.docx\">Impulse3_B1P_90-150h_Kryteria_Oceny_PP_24-25 (1)<\/a><a href=\"https:\/\/www.zstrzcinica.pl\/wp\/wp-content\/uploads\/2025\/09\/Impulse3_B1P_90-150h_Kryteria_Oceny_PP_24-25-1.docx\" class=\"wp-block-file__button wp-element-button\" download aria-describedby=\"wp-block-file--media-47e4048c-c862-4dc3-9d17-cdf028596eae\">Pobierz<\/a><\/div>\n\n\n\n<div class=\"wp-block-file\"><a id=\"wp-block-file--media-bbfdaf7d-e629-466f-bfa1-a10d088b0fbe\" href=\"https:\/\/www.zstrzcinica.pl\/wp\/wp-content\/uploads\/2025\/09\/Impulse2_A2P_B1_90-150h_Kryteria_Oceny_PP_24-25-1.docx\">Impulse2_A2P_B1_90-150h_Kryteria_Oceny_PP_24-25 (1)<\/a><a href=\"https:\/\/www.zstrzcinica.pl\/wp\/wp-content\/uploads\/2025\/09\/Impulse2_A2P_B1_90-150h_Kryteria_Oceny_PP_24-25-1.docx\" class=\"wp-block-file__button wp-element-button\" download aria-describedby=\"wp-block-file--media-bbfdaf7d-e629-466f-bfa1-a10d088b0fbe\">Pobierz<\/a><\/div>\n\n\n\n<hr class=\"wp-block-separator has-alpha-channel-opacity\"\/>\n\n\n\n<figure class=\"wp-block-table\"><table class=\"has-fixed-layout\"><tbody><tr><td><strong>Geografia<\/strong><\/td><\/tr><\/tbody><\/table><\/figure>\n\n\n\n<div class=\"wp-block-file\"><a id=\"wp-block-file--media-bcab781e-6e77-425f-bb2c-1f0bed90dc0b\" href=\"https:\/\/www.zstrzcinica.pl\/wp\/wp-content\/uploads\/2025\/09\/wymagania-edukacyjne-geografia-klasa-3-i-4-zakres-podstawowy.docx\">wymagania-edukacyjne-geografia &#8211; klasa 3 i 4 &#8211; zakres-podstawowy<\/a><a href=\"https:\/\/www.zstrzcinica.pl\/wp\/wp-content\/uploads\/2025\/09\/wymagania-edukacyjne-geografia-klasa-3-i-4-zakres-podstawowy.docx\" class=\"wp-block-file__button wp-element-button\" download aria-describedby=\"wp-block-file--media-bcab781e-6e77-425f-bb2c-1f0bed90dc0b\">Pobierz<\/a><\/div>\n\n\n\n<div class=\"wp-block-file\"><a id=\"wp-block-file--media-4257ce94-564c-4dab-9c1f-7001f044f3f5\" href=\"https:\/\/www.zstrzcinica.pl\/wp\/wp-content\/uploads\/2025\/09\/wymagania-edukacyjne-geografia-klasa-2-zakres-podstawowy.docx\">wymagania-edukacyjne-geografia &#8211; klasa 2- zakres-podstawowy<\/a><a href=\"https:\/\/www.zstrzcinica.pl\/wp\/wp-content\/uploads\/2025\/09\/wymagania-edukacyjne-geografia-klasa-2-zakres-podstawowy.docx\" class=\"wp-block-file__button wp-element-button\" download aria-describedby=\"wp-block-file--media-4257ce94-564c-4dab-9c1f-7001f044f3f5\">Pobierz<\/a><\/div>\n\n\n\n<div class=\"wp-block-file\"><a id=\"wp-block-file--media-566972ac-8813-403b-99d3-6b6b527452b3\" href=\"https:\/\/www.zstrzcinica.pl\/wp\/wp-content\/uploads\/2025\/09\/wymagania-edukacyjne-geografia-klasa-1-zakres-rozszerzony.docx\">wymagania-edukacyjne-geografia &#8211; klasa 1 &#8211; zakres-rozszerzony<\/a><a href=\"https:\/\/www.zstrzcinica.pl\/wp\/wp-content\/uploads\/2025\/09\/wymagania-edukacyjne-geografia-klasa-1-zakres-rozszerzony.docx\" class=\"wp-block-file__button wp-element-button\" download aria-describedby=\"wp-block-file--media-566972ac-8813-403b-99d3-6b6b527452b3\">Pobierz<\/a><\/div>\n\n\n\n<div class=\"wp-block-file\"><a id=\"wp-block-file--media-925381a9-d0ab-4370-8671-044c0dad26fe\" href=\"https:\/\/www.zstrzcinica.pl\/wp\/wp-content\/uploads\/2025\/09\/wymagania-edukacyjne-geografia-klasa-1-zakres-podstawowy.docx\">wymagania-edukacyjne-geografia &#8211; klasa 1 &#8211; zakres-podstawowy<\/a><a href=\"https:\/\/www.zstrzcinica.pl\/wp\/wp-content\/uploads\/2025\/09\/wymagania-edukacyjne-geografia-klasa-1-zakres-podstawowy.docx\" class=\"wp-block-file__button wp-element-button\" download aria-describedby=\"wp-block-file--media-925381a9-d0ab-4370-8671-044c0dad26fe\">Pobierz<\/a><\/div>\n\n\n\n<div class=\"wp-block-file\"><a id=\"wp-block-file--media-7887ec52-5c63-4fb3-aff4-509be5fc0d28\" href=\"https:\/\/www.zstrzcinica.pl\/wp\/wp-content\/uploads\/2025\/09\/Przedmiotowy-system-oceniania-geografia.rtf\">Przedmiotowy system oceniania &#8211; geografia<\/a><a href=\"https:\/\/www.zstrzcinica.pl\/wp\/wp-content\/uploads\/2025\/09\/Przedmiotowy-system-oceniania-geografia.rtf\" class=\"wp-block-file__button wp-element-button\" download aria-describedby=\"wp-block-file--media-7887ec52-5c63-4fb3-aff4-509be5fc0d28\">Pobierz<\/a><\/div>\n\n\n\n<hr class=\"wp-block-separator has-alpha-channel-opacity\"\/>\n\n\n\n<figure class=\"wp-block-table\"><table class=\"has-fixed-layout\"><tbody><tr><td><strong>Matematyka, fizyka i przedmioty zawodowe technik logistyk<\/strong><\/td><\/tr><\/tbody><\/table><\/figure>\n\n\n\n<div class=\"wp-block-file\"><a id=\"wp-block-file--media-ceba8464-4514-4722-9769-516198bb4d60\" href=\"https:\/\/www.zstrzcinica.pl\/wp\/wp-content\/uploads\/2025\/09\/matematyka-fizyka-logistyk.zip\">matematyka, fizyka, logistyk<\/a><a href=\"https:\/\/www.zstrzcinica.pl\/wp\/wp-content\/uploads\/2025\/09\/matematyka-fizyka-logistyk.zip\" class=\"wp-block-file__button wp-element-button\" download aria-describedby=\"wp-block-file--media-ceba8464-4514-4722-9769-516198bb4d60\">Pobierz<\/a><\/div>\n\n\n\n<hr class=\"wp-block-separator has-alpha-channel-opacity\"\/>\n\n\n\n<figure class=\"wp-block-table\"><table class=\"has-fixed-layout\"><tbody><tr><td><strong>Historia, wiedza o spo\u0142ecze\u0144stwie i edukacja obywatelska<\/strong><\/td><\/tr><\/tbody><\/table><\/figure>\n\n\n\n<div class=\"wp-block-file\"><a id=\"wp-block-file--media-ae4b81fa-9609-4106-a617-94fdf18086a9\" href=\"https:\/\/www.zstrzcinica.pl\/wp\/wp-content\/uploads\/2025\/09\/historia-wos-eo.zip\">historia, wos, eo<\/a><a href=\"https:\/\/www.zstrzcinica.pl\/wp\/wp-content\/uploads\/2025\/09\/historia-wos-eo.zip\" class=\"wp-block-file__button wp-element-button\" download aria-describedby=\"wp-block-file--media-ae4b81fa-9609-4106-a617-94fdf18086a9\">Pobierz<\/a><\/div>\n\n\n\n<hr class=\"wp-block-separator has-alpha-channel-opacity\"\/>\n\n\n\n<figure class=\"wp-block-table\"><table class=\"has-fixed-layout\"><tbody><tr><td><strong>Informatyka<\/strong><\/td><\/tr><\/tbody><\/table><\/figure>\n\n\n\n<div class=\"wp-block-file\"><a id=\"wp-block-file--media-875bc375-a3db-42f0-9ae6-9a626598657c\" href=\"https:\/\/www.zstrzcinica.pl\/wp\/wp-content\/uploads\/2025\/09\/informatyka.zip\">informatyka<\/a><a href=\"https:\/\/www.zstrzcinica.pl\/wp\/wp-content\/uploads\/2025\/09\/informatyka.zip\" class=\"wp-block-file__button wp-element-button\" download aria-describedby=\"wp-block-file--media-875bc375-a3db-42f0-9ae6-9a626598657c\">Pobierz<\/a><\/div>\n\n\n\n<hr class=\"wp-block-separator has-alpha-channel-opacity\"\/>\n\n\n\n<figure class=\"wp-block-table\"><table class=\"has-fixed-layout\"><tbody><tr><td>Biologia<\/td><\/tr><\/tbody><\/table><\/figure>\n\n\n\n<div class=\"wp-block-file\"><a id=\"wp-block-file--media-2f684bf2-05c8-412b-9be9-c2646e0990ad\" href=\"https:\/\/www.zstrzcinica.pl\/wp\/wp-content\/uploads\/2025\/09\/biologia.zip\">biologia<\/a><a href=\"https:\/\/www.zstrzcinica.pl\/wp\/wp-content\/uploads\/2025\/09\/biologia.zip\" class=\"wp-block-file__button wp-element-button\" download aria-describedby=\"wp-block-file--media-2f684bf2-05c8-412b-9be9-c2646e0990ad\">Pobierz<\/a><\/div>\n\n\n\n<hr class=\"wp-block-separator has-alpha-channel-opacity\"\/>\n\n\n\n<figure class=\"wp-block-table\"><table class=\"has-fixed-layout\"><tbody><tr><td>Chemia<\/td><\/tr><\/tbody><\/table><\/figure>\n\n\n\n<div class=\"wp-block-file\"><a id=\"wp-block-file--media-f405a3ba-33fb-4483-9ca4-fe03c0e2a20c\" href=\"https:\/\/www.zstrzcinica.pl\/wp\/wp-content\/uploads\/2025\/09\/chemia.zip\">chemia<\/a><a href=\"https:\/\/www.zstrzcinica.pl\/wp\/wp-content\/uploads\/2025\/09\/chemia.zip\" class=\"wp-block-file__button wp-element-button\" download aria-describedby=\"wp-block-file--media-f405a3ba-33fb-4483-9ca4-fe03c0e2a20c\">Pobierz<\/a><\/div>\n\n\n\n<hr class=\"wp-block-separator has-alpha-channel-opacity\"\/>\n\n\n\n<figure class=\"wp-block-table\"><table class=\"has-fixed-layout\"><tbody><tr><td>J\u0119zyk polski<\/td><\/tr><\/tbody><\/table><\/figure>\n\n\n\n<div class=\"wp-block-file\"><a id=\"wp-block-file--media-adac584f-c502-4910-a0e5-c7472f79724b\" href=\"https:\/\/www.zstrzcinica.pl\/wp\/wp-content\/uploads\/2025\/09\/jpolski.docx\">jpolski<\/a><a href=\"https:\/\/www.zstrzcinica.pl\/wp\/wp-content\/uploads\/2025\/09\/jpolski.docx\" class=\"wp-block-file__button wp-element-button\" download aria-describedby=\"wp-block-file--media-adac584f-c502-4910-a0e5-c7472f79724b\">Pobierz<\/a><\/div>\n\n\n\n<hr class=\"wp-block-separator has-alpha-channel-opacity\"\/>\n\n\n\n<figure class=\"wp-block-table\"><table class=\"has-fixed-layout\"><tbody><tr><td>Wychowanie Fizyczne<\/td><\/tr><\/tbody><\/table><\/figure>\n\n\n\n<div class=\"wp-block-file\"><a id=\"wp-block-file--media-02ca66c2-f478-4ba9-8904-05fa5874ff3f\" href=\"https:\/\/www.zstrzcinica.pl\/wp\/wp-content\/uploads\/2025\/10\/PSO.docx\">PSO<\/a><a href=\"https:\/\/www.zstrzcinica.pl\/wp\/wp-content\/uploads\/2025\/10\/PSO.docx\" class=\"wp-block-file__button wp-element-button\" download aria-describedby=\"wp-block-file--media-02ca66c2-f478-4ba9-8904-05fa5874ff3f\">Pobierz<\/a><\/div>\n\n\n\n<hr class=\"wp-block-separator has-alpha-channel-opacity\"\/>\n\n\n\n<figure class=\"wp-block-table\"><table class=\"has-fixed-layout\"><tbody><tr><td>Religia<\/td><\/tr><\/tbody><\/table><\/figure>\n\n\n\n<div class=\"wp-block-file\"><a id=\"wp-block-file--media-c7a48bdd-0ce0-4b4f-b4b3-b678efe6c75b\" href=\"https:\/\/www.zstrzcinica.pl\/wp\/wp-content\/uploads\/2025\/10\/System_oceniania_Klasa_I_lic_i_techn_2020.zip\">System_oceniania_Klasa_I_lic_i_techn_2020<\/a><a href=\"https:\/\/www.zstrzcinica.pl\/wp\/wp-content\/uploads\/2025\/10\/System_oceniania_Klasa_I_lic_i_techn_2020.zip\" class=\"wp-block-file__button wp-element-button\" download aria-describedby=\"wp-block-file--media-c7a48bdd-0ce0-4b4f-b4b3-b678efe6c75b\">Pobierz<\/a><\/div>\n\n\n\n<hr class=\"wp-block-separator has-alpha-channel-opacity\"\/>\n\n\n\n<figure class=\"wp-block-table\"><table class=\"has-fixed-layout\"><tbody><tr><td>Przedmioty mundurowe<\/td><\/tr><\/tbody><\/table><\/figure>\n\n\n\n<div class=\"wp-block-file\"><a id=\"wp-block-file--media-aabc71fe-326d-48d5-b711-d4585753de73\" href=\"https:\/\/www.zstrzcinica.pl\/wp\/wp-content\/uploads\/2025\/10\/Przedmiotowy-system-oceniania.zip\">Przedmiotowy system oceniania<\/a><a href=\"https:\/\/www.zstrzcinica.pl\/wp\/wp-content\/uploads\/2025\/10\/Przedmiotowy-system-oceniania.zip\" class=\"wp-block-file__button wp-element-button\" download aria-describedby=\"wp-block-file--media-aabc71fe-326d-48d5-b711-d4585753de73\">Pobierz<\/a><\/div>\n","protected":false},"excerpt":{"rendered":"<p>J\u0119zyk angielski Geografia Matematyka, fizyka i przedmioty zawodowe technik logistyk Historia, wiedza o spo\u0142ecze\u0144stwie i edukacja obywatelska Informatyka Biologia Chemia J\u0119zyk polski Wychowanie Fizyczne Religia Przedmioty mundurowe<\/p>\n","protected":false},"author":1,"featured_media":0,"parent":0,"menu_order":0,"comment_status":"closed","ping_status":"closed","template":"","meta":{"footnotes":""},"class_list":["post-127","page","type-page","status-publish","hentry"],"_links":{"self":[{"href":"https:\/\/www.zstrzcinica.pl\/wp\/index.php?rest_route=\/wp\/v2\/pages\/127","targetHints":{"allow":["GET"]}}],"collection":[{"href":"https:\/\/www.zstrzcinica.pl\/wp\/index.php?rest_route=\/wp\/v2\/pages"}],"about":[{"href":"https:\/\/www.zstrzcinica.pl\/wp\/index.php?rest_route=\/wp\/v2\/types\/page"}],"author":[{"embeddable":true,"href":"https:\/\/www.zstrzcinica.pl\/wp\/index.php?rest_route=\/wp\/v2\/users\/1"}],"replies":[{"embeddable":true,"href":"https:\/\/www.zstrzcinica.pl\/wp\/index.php?rest_route=%2Fwp%2Fv2%2Fcomments&post=127"}],"version-history":[{"count":8,"href":"https:\/\/www.zstrzcinica.pl\/wp\/index.php?rest_route=\/wp\/v2\/pages\/127\/revisions"}],"predecessor-version":[{"id":304,"href":"https:\/\/www.zstrzcinica.pl\/wp\/index.php?rest_route=\/wp\/v2\/pages\/127\/revisions\/304"}],"wp:attachment":[{"href":"https:\/\/www.zstrzcinica.pl\/wp\/index.php?rest_route=%2Fwp%2Fv2%2Fmedia&parent=127"}],"curies":[{"name":"wp","href":"https:\/\/api.w.org\/{rel}","templated":true}]}}