{"id":13,"date":"2024-12-02T13:25:31","date_gmt":"2024-12-02T12:25:31","guid":{"rendered":"http:\/\/localhost\/wordpress\/?page_id=13"},"modified":"2024-12-02T13:40:11","modified_gmt":"2024-12-02T12:40:11","slug":"kontakt","status":"publish","type":"page","link":"https:\/\/www.zstrzcinica.pl\/wp\/?page_id=13","title":{"rendered":"Kontakt"},"content":{"rendered":"\n<p>Nasza Szko\u0142a znajduje si\u0119 w&nbsp;<strong>Trzcinicy<\/strong>&nbsp;w wojew\u00f3dztwie Podkarpackim, powiecie Jasielskim. Le\u017cy na trasie Jas\u0142o &#8211; Nowy S\u0105cz, w odleg\u0142o\u015bci 7 km od Jas\u0142a. Aby dojecha\u0107 do szko\u0142y, mo\u017cna skorzysta\u0107 z linii autobusowych zar\u00f3wno z kierunku Jas\u0142a jak i Gorlic.<\/p>\n\n\n\n<h4 class=\"wp-block-heading\">Adres: <strong>Zesp\u00f3\u0142 Szk\u00f3\u0142 Stowarzyszenia Absolwent\u00f3w Szk\u00f3\u0142 Rolniczych w Trzcinicy<br>im. prof. Teodora Marchlewskiego<\/strong><br>Trzcinica 79,&nbsp;<em>38-207 Przysieki<\/em><br><em>tel.<\/em>&nbsp;(13) 4429028<br><em>tel. kom\u00f3rkowy:<\/em>&nbsp;737 274 010<br>e-mail:&nbsp;<a href=\"mailto:zs@zstrzcinica.pl\">zs@zstrzcinica.pl<\/a><\/h4>\n\n\n\n<iframe src=\"https:\/\/www.google.com\/maps\/embed?pb=!1m14!1m12!1m3!1d5157.602429639121!2d21.402259376174552!3d49.73336660913544!2m3!1f0!2f0!3f0!3m2!1i1024!2i768!4f13.1!5e0!3m2!1spl!2spl!4v1733142625986!5m2!1spl!2spl\" width=\"600\" height=\"450\" style=\"border:0;\" allowfullscreen=\"\" loading=\"lazy\" referrerpolicy=\"no-referrer-when-downgrade\"><\/iframe>\n","protected":false},"excerpt":{"rendered":"<p>Nasza Szko\u0142a znajduje si\u0119 w&nbsp;Trzcinicy&nbsp;w wojew\u00f3dztwie Podkarpackim, powiecie Jasielskim. Le\u017cy na trasie Jas\u0142o &#8211; Nowy S\u0105cz, w odleg\u0142o\u015bci 7 km od Jas\u0142a. Aby dojecha\u0107 do szko\u0142y, mo\u017cna skorzysta\u0107 z linii autobusowych zar\u00f3wno z kierunku Jas\u0142a jak i Gorlic. Adres: Zesp\u00f3\u0142 Szk\u00f3\u0142 Stowarzyszenia Absolwent\u00f3w Szk\u00f3\u0142 Rolniczych w Trzcinicyim. prof. Teodora MarchlewskiegoTrzcinica 79,&nbsp;38-207 Przysiekitel.&nbsp;(13) 4429028tel. kom\u00f3rkowy:&nbsp;737 274&hellip; <br \/> <a class=\"read-more\" href=\"https:\/\/www.zstrzcinica.pl\/wp\/?page_id=13\">Dowiedz si\u0119 wi\u0119cej<\/a><\/p>\n","protected":false},"author":1,"featured_media":0,"parent":0,"menu_order":0,"comment_status":"closed","ping_status":"closed","template":"","meta":{"footnotes":""},"class_list":["post-13","page","type-page","status-publish","hentry"],"_links":{"self":[{"href":"https:\/\/www.zstrzcinica.pl\/wp\/index.php?rest_route=\/wp\/v2\/pages\/13","targetHints":{"allow":["GET"]}}],"collection":[{"href":"https:\/\/www.zstrzcinica.pl\/wp\/index.php?rest_route=\/wp\/v2\/pages"}],"about":[{"href":"https:\/\/www.zstrzcinica.pl\/wp\/index.php?rest_route=\/wp\/v2\/types\/page"}],"author":[{"embeddable":true,"href":"https:\/\/www.zstrzcinica.pl\/wp\/index.php?rest_route=\/wp\/v2\/users\/1"}],"replies":[{"embeddable":true,"href":"https:\/\/www.zstrzcinica.pl\/wp\/index.php?rest_route=%2Fwp%2Fv2%2Fcomments&post=13"}],"version-history":[{"count":12,"href":"https:\/\/www.zstrzcinica.pl\/wp\/index.php?rest_route=\/wp\/v2\/pages\/13\/revisions"}],"predecessor-version":[{"id":26,"href":"https:\/\/www.zstrzcinica.pl\/wp\/index.php?rest_route=\/wp\/v2\/pages\/13\/revisions\/26"}],"wp:attachment":[{"href":"https:\/\/www.zstrzcinica.pl\/wp\/index.php?rest_route=%2Fwp%2Fv2%2Fmedia&parent=13"}],"curies":[{"name":"wp","href":"https:\/\/api.w.org\/{rel}","templated":true}]}}