{"id":34,"date":"2024-12-02T13:49:04","date_gmt":"2024-12-02T12:49:04","guid":{"rendered":"http:\/\/localhost\/wordpress\/?page_id=34"},"modified":"2026-04-01T16:46:57","modified_gmt":"2026-04-01T14:46:57","slug":"oferta-edukacyjna","status":"publish","type":"page","link":"https:\/\/www.zstrzcinica.pl\/wp\/?page_id=34","title":{"rendered":"Oferta edukacyjna"},"content":{"rendered":"\n<p><strong>REKRUTACJA 2025\/2026<\/strong><br>W roku szkolnym 2025\/2026 szko\u0142a prowadzi nab\u00f3r do 4-letniego Liceum oraz 5-letniego Technikum w nast\u0119puj\u0105cym typie szk\u00f3\u0142.<\/p>\n\n\n\n<p><strong>Liceum:<\/strong><\/p>\n\n\n\n<div data-wp-interactive=\"core\/file\" class=\"wp-block-file\"><object data-wp-bind--hidden=\"!state.hasPdfPreview\" hidden class=\"wp-block-file__embed\" data=\"https:\/\/www.zstrzcinica.pl\/wp\/wp-content\/uploads\/2026\/03\/lm.pdf\" type=\"application\/pdf\" style=\"width:100%;height:600px\" aria-label=\"Osadzone z Liceum Og\u00f3lnokszta\u0142c\u0105ce - Mistrzostwa Sportowego.\"><\/object><a id=\"wp-block-file--media-6345cc26-5038-4339-bc23-9d9618c0b490\" href=\"https:\/\/www.zstrzcinica.pl\/wp\/wp-content\/uploads\/2026\/03\/lm.pdf\">Liceum Og\u00f3lnokszta\u0142c\u0105ce &#8211; Mistrzostwa Sportowego<\/a><a href=\"https:\/\/www.zstrzcinica.pl\/wp\/wp-content\/uploads\/2026\/03\/lm.pdf\" class=\"wp-block-file__button wp-element-button\" download aria-describedby=\"wp-block-file--media-6345cc26-5038-4339-bc23-9d9618c0b490\">Pobierz<\/a><\/div>\n\n\n\n<div data-wp-interactive=\"core\/file\" class=\"wp-block-file\"><object data-wp-bind--hidden=\"!state.hasPdfPreview\" hidden class=\"wp-block-file__embed\" data=\"https:\/\/www.zstrzcinica.pl\/wp\/wp-content\/uploads\/2026\/03\/lo_nowe.pdf\" type=\"application\/pdf\" style=\"width:100%;height:600px\" aria-label=\"Osadzone z Liceum Og\u00f3lnokszta\u0142c\u0105ce - Oddzia\u0142 Przygotowania Wojskowego .\"><\/object><a id=\"wp-block-file--media-e2842b75-c84b-45ea-b1ff-6401e7bc1f16\" href=\"https:\/\/www.zstrzcinica.pl\/wp\/wp-content\/uploads\/2026\/03\/lo_nowe.pdf\">Liceum Og\u00f3lnokszta\u0142c\u0105ce &#8211; Oddzia\u0142 Przygotowania Wojskowego <\/a><a href=\"https:\/\/www.zstrzcinica.pl\/wp\/wp-content\/uploads\/2026\/03\/lo_nowe.pdf\" class=\"wp-block-file__button wp-element-button\" download aria-describedby=\"wp-block-file--media-e2842b75-c84b-45ea-b1ff-6401e7bc1f16\">Pobierz<\/a><\/div>\n\n\n\n<p><\/p>\n\n\n\n<p><strong>Technikum:<\/strong><\/p>\n\n\n\n<div data-wp-interactive=\"core\/file\" class=\"wp-block-file\"><object data-wp-bind--hidden=\"!state.hasPdfPreview\" hidden class=\"wp-block-file__embed\" data=\"https:\/\/www.zstrzcinica.pl\/wp\/wp-content\/uploads\/2026\/04\/tr.pdf\" type=\"application\/pdf\" style=\"width:100%;height:600px\" aria-label=\"Osadzone z Technik turystyki na obszarach wiejskich.\"><\/object><a id=\"wp-block-file--media-ade64e3d-af1f-4cd8-939a-2ae10676bf72\" href=\"https:\/\/www.zstrzcinica.pl\/wp\/wp-content\/uploads\/2026\/04\/tr.pdf\">Technik turystyki na obszarach wiejskich<\/a><a href=\"https:\/\/www.zstrzcinica.pl\/wp\/wp-content\/uploads\/2026\/04\/tr.pdf\" class=\"wp-block-file__button wp-element-button\" download aria-describedby=\"wp-block-file--media-ade64e3d-af1f-4cd8-939a-2ae10676bf72\">Pobierz<\/a><\/div>\n\n\n\n<div data-wp-interactive=\"core\/file\" class=\"wp-block-file\"><object data-wp-bind--hidden=\"!state.hasPdfPreview\" hidden class=\"wp-block-file__embed\" data=\"https:\/\/www.zstrzcinica.pl\/wp\/wp-content\/uploads\/2026\/03\/ts.pdf\" type=\"application\/pdf\" style=\"width:100%;height:600px\" aria-label=\"Osadzone z Technik Spedytor z innowacj\u0105 wojskow\u0105.\"><\/object><a id=\"wp-block-file--media-220b03c3-d832-4784-9380-db7a7d3e1470\" href=\"https:\/\/www.zstrzcinica.pl\/wp\/wp-content\/uploads\/2026\/03\/ts.pdf\">Technik Spedytor z innowacj\u0105 wojskow\u0105<\/a><a href=\"https:\/\/www.zstrzcinica.pl\/wp\/wp-content\/uploads\/2026\/03\/ts.pdf\" class=\"wp-block-file__button wp-element-button\" download aria-describedby=\"wp-block-file--media-220b03c3-d832-4784-9380-db7a7d3e1470\">Pobierz<\/a><\/div>\n\n\n\n<div data-wp-interactive=\"core\/file\" class=\"wp-block-file\"><object data-wp-bind--hidden=\"!state.hasPdfPreview\" hidden class=\"wp-block-file__embed\" data=\"https:\/\/www.zstrzcinica.pl\/wp\/wp-content\/uploads\/2026\/03\/tl.pdf\" type=\"application\/pdf\" style=\"width:100%;height:600px\" aria-label=\"Osadzone z Technik Logistyk z innowacj\u0105 wojskow\u0105.\"><\/object><a id=\"wp-block-file--media-7f888c7a-6f99-431c-8d8a-37d73ba81d10\" href=\"https:\/\/www.zstrzcinica.pl\/wp\/wp-content\/uploads\/2026\/03\/tl.pdf\">Technik Logistyk z innowacj\u0105 wojskow\u0105<\/a><a href=\"https:\/\/www.zstrzcinica.pl\/wp\/wp-content\/uploads\/2026\/03\/tl.pdf\" class=\"wp-block-file__button wp-element-button\" download aria-describedby=\"wp-block-file--media-7f888c7a-6f99-431c-8d8a-37d73ba81d10\">Pobierz<\/a><\/div>\n\n\n\n<div data-wp-interactive=\"core\/file\" class=\"wp-block-file\"><object data-wp-bind--hidden=\"!state.hasPdfPreview\" hidden class=\"wp-block-file__embed\" data=\"https:\/\/www.zstrzcinica.pl\/wp\/wp-content\/uploads\/2026\/03\/tz.pdf\" type=\"application\/pdf\" style=\"width:100%;height:600px\" aria-label=\"Osadzone z Technik \u017bywienia i Us\u0142ug Gastronomicznych.\"><\/object><a id=\"wp-block-file--media-eb48b3be-9549-483e-9ba6-43283f2709d6\" href=\"https:\/\/www.zstrzcinica.pl\/wp\/wp-content\/uploads\/2026\/03\/tz.pdf\">Technik \u017bywienia i Us\u0142ug Gastronomicznych<\/a><a href=\"https:\/\/www.zstrzcinica.pl\/wp\/wp-content\/uploads\/2026\/03\/tz.pdf\" class=\"wp-block-file__button wp-element-button\" download aria-describedby=\"wp-block-file--media-eb48b3be-9549-483e-9ba6-43283f2709d6\">Pobierz<\/a><\/div>\n\n\n\n<p><\/p>\n","protected":false},"excerpt":{"rendered":"<p>REKRUTACJA 2025\/2026W roku szkolnym 2025\/2026 szko\u0142a prowadzi nab\u00f3r do 4-letniego Liceum oraz 5-letniego Technikum w nast\u0119puj\u0105cym typie szk\u00f3\u0142. Liceum: Technikum:<\/p>\n","protected":false},"author":1,"featured_media":0,"parent":0,"menu_order":0,"comment_status":"closed","ping_status":"closed","template":"","meta":{"footnotes":""},"class_list":["post-34","page","type-page","status-publish","hentry"],"_links":{"self":[{"href":"https:\/\/www.zstrzcinica.pl\/wp\/index.php?rest_route=\/wp\/v2\/pages\/34","targetHints":{"allow":["GET"]}}],"collection":[{"href":"https:\/\/www.zstrzcinica.pl\/wp\/index.php?rest_route=\/wp\/v2\/pages"}],"about":[{"href":"https:\/\/www.zstrzcinica.pl\/wp\/index.php?rest_route=\/wp\/v2\/types\/page"}],"author":[{"embeddable":true,"href":"https:\/\/www.zstrzcinica.pl\/wp\/index.php?rest_route=\/wp\/v2\/users\/1"}],"replies":[{"embeddable":true,"href":"https:\/\/www.zstrzcinica.pl\/wp\/index.php?rest_route=%2Fwp%2Fv2%2Fcomments&post=34"}],"version-history":[{"count":9,"href":"https:\/\/www.zstrzcinica.pl\/wp\/index.php?rest_route=\/wp\/v2\/pages\/34\/revisions"}],"predecessor-version":[{"id":328,"href":"https:\/\/www.zstrzcinica.pl\/wp\/index.php?rest_route=\/wp\/v2\/pages\/34\/revisions\/328"}],"wp:attachment":[{"href":"https:\/\/www.zstrzcinica.pl\/wp\/index.php?rest_route=%2Fwp%2Fv2%2Fmedia&parent=34"}],"curies":[{"name":"wp","href":"https:\/\/api.w.org\/{rel}","templated":true}]}}