{"id":58,"date":"2024-12-02T14:31:51","date_gmt":"2024-12-02T13:31:51","guid":{"rendered":"http:\/\/localhost\/wordpress\/?page_id=58"},"modified":"2024-12-02T14:31:51","modified_gmt":"2024-12-02T13:31:51","slug":"kryteria-naboru","status":"publish","type":"page","link":"https:\/\/www.zstrzcinica.pl\/wp\/?page_id=58","title":{"rendered":"Kryteria naboru"},"content":{"rendered":"\n<p><strong>KRYTERIA NABORU DLA ABSOLWENT\u00d3W SZK\u00d3\u0141 PODSTAWOWYCH<\/strong><br>Kandydat ubiegaj\u0105cy si\u0119 o przyj\u0119cie do klasy pierwszej szko\u0142y ponadpodstawowej mo\u017ce otrzyma\u0107 w post\u0119powaniu rekrutacyjno-kwalifikacyjnym maksymalnie &#8211; 200 pkt w tym:<br><em><strong>za wyniki egzaminu \u00f3smoklasisty \u2013 100 pkt<\/strong><\/em><br>wyniki procentowe, uzyskane z zakresu j\u0119zyka polskiego i matematyki przelicza si\u0119 na punkty mno\u017c\u0105c przez 0,35, za\u015b z j\u0119zyka obcego mno\u017c\u0105c przez 0,3.<br><strong><em>za oceny z j\u0119zyka polskiego, matematyki i dw\u00f3ch wybranych przedmiot\u00f3w- 72 pkt<\/em><\/strong><br>przyjmuje si\u0119 nast\u0119puj\u0105ce przeliczenia ocen na punkty:<br>  celuj\u0105cy \u2013 18,<br>  bardzo dobry \u2013 17,<br>  dobry \u2013 14,<br>  dostateczny \u2013 8,<br>  dopuszczaj\u0105cy &#8211; 2<br><\/p>\n\n\n\n<p><strong>W Zespole Szk\u00f3\u0142 SASR w Trzcinicy brane s\u0105 do przeliczenia nast\u0119puj\u0105ce przedmioty w zale\u017cno\u015bci od typu szko\u0142y<\/strong><br>a) Liceum Og\u00f3lnokszta\u0142c\u0105ce \u2013 Oddzia\u0142 Przygotowania Wojskowego<br>    j. polski, matematyka, biologia, w-f<br>b) Liceum Og\u00f3lnokszta\u0142c\u0105ce \u2013 profil og\u00f3lny <br>    j. polski, matematyka, biologia, w-f<br>c) Liceum Og\u00f3lnokszta\u0142c\u0105ce Mistrzostwa Sportowego <br>    j. polski, matematyka, biologia, w-f<br>d) Technikum Informatyczne <br>    j. polski, matematyka, informatyka, j. obcy<br>e) Technikum Ogrodnicze <br>    j. polski, matematyka, biologia, j. obcy<br>f) Technikum Hotelarskie <br>    j. polski, matematyka, geografia, j. obcy<br>g) Technikum Us\u0142ug Kelnerskich<br>    j. polski, matematyka, geografia, j. obcy<br>h) Technikum Turystyki na Obszarach Wiejskich <br>    j. polski, matematyka, biologia, chemia<\/p>\n\n\n\n<p><br><strong>Za inne osi\u0105gni\u0119cia umieszczane na \u015bwiadectwie uko\u0144czenia szko\u0142y podstawowej (maksymalnie do 28 pkt.<\/strong>)<br>&#8211; za uko\u0144czenie szko\u0142y podstawowej z wyr\u00f3\u017cnieniem &#8211; 7 pkt<br>&#8211; za uzyskanie tytu\u0142\u00f3w w konkursach i olimpiadach wymienionych na stronach Kuratorium O\u015bwiaty oraz MEN &#8211; max. 18 pkt<br>&#8211; za osi\u0105gni\u0119cia w zakresie aktywno\u015bci spo\u0142ecznej, w tym na rzecz \u015brodowiska szkolnego, w szczeg\u00f3lno\u015bci w formie wolontariatu &#8211; 3 pkt<br><\/p>\n\n\n\n<p>Dla kandydat\u00f3w do Liceum Og\u00f3lnokszta\u0142c\u0105cego Mistrzostwa Sportowego i Liceum Og\u00f3lnokszta\u0142c\u0105cego \u2013 Oddzia\u0142 Przygotowania Wojskowego (klasa mundurowa) przeprowadza si\u0119 test sprawno\u015bciowy.<\/p>\n","protected":false},"excerpt":{"rendered":"<p>KRYTERIA NABORU DLA ABSOLWENT\u00d3W SZK\u00d3\u0141 PODSTAWOWYCHKandydat ubiegaj\u0105cy si\u0119 o przyj\u0119cie do klasy pierwszej szko\u0142y ponadpodstawowej mo\u017ce otrzyma\u0107 w post\u0119powaniu rekrutacyjno-kwalifikacyjnym maksymalnie &#8211; 200 pkt w tym:za wyniki egzaminu \u00f3smoklasisty \u2013 100 pktwyniki procentowe, uzyskane z zakresu j\u0119zyka polskiego i matematyki przelicza si\u0119 na punkty mno\u017c\u0105c przez 0,35, za\u015b z j\u0119zyka obcego mno\u017c\u0105c przez 0,3.za oceny&hellip; <br \/> <a class=\"read-more\" href=\"https:\/\/www.zstrzcinica.pl\/wp\/?page_id=58\">Dowiedz si\u0119 wi\u0119cej<\/a><\/p>\n","protected":false},"author":1,"featured_media":0,"parent":0,"menu_order":0,"comment_status":"closed","ping_status":"closed","template":"","meta":{"footnotes":""},"class_list":["post-58","page","type-page","status-publish","hentry"],"_links":{"self":[{"href":"https:\/\/www.zstrzcinica.pl\/wp\/index.php?rest_route=\/wp\/v2\/pages\/58","targetHints":{"allow":["GET"]}}],"collection":[{"href":"https:\/\/www.zstrzcinica.pl\/wp\/index.php?rest_route=\/wp\/v2\/pages"}],"about":[{"href":"https:\/\/www.zstrzcinica.pl\/wp\/index.php?rest_route=\/wp\/v2\/types\/page"}],"author":[{"embeddable":true,"href":"https:\/\/www.zstrzcinica.pl\/wp\/index.php?rest_route=\/wp\/v2\/users\/1"}],"replies":[{"embeddable":true,"href":"https:\/\/www.zstrzcinica.pl\/wp\/index.php?rest_route=%2Fwp%2Fv2%2Fcomments&post=58"}],"version-history":[{"count":1,"href":"https:\/\/www.zstrzcinica.pl\/wp\/index.php?rest_route=\/wp\/v2\/pages\/58\/revisions"}],"predecessor-version":[{"id":59,"href":"https:\/\/www.zstrzcinica.pl\/wp\/index.php?rest_route=\/wp\/v2\/pages\/58\/revisions\/59"}],"wp:attachment":[{"href":"https:\/\/www.zstrzcinica.pl\/wp\/index.php?rest_route=%2Fwp%2Fv2%2Fmedia&parent=58"}],"curies":[{"name":"wp","href":"https:\/\/api.w.org\/{rel}","templated":true}]}}