{"id":9,"date":"2024-12-02T13:25:08","date_gmt":"2024-12-02T12:25:08","guid":{"rendered":"http:\/\/localhost\/wordpress\/?page_id=9"},"modified":"2025-03-03T08:35:52","modified_gmt":"2025-03-03T07:35:52","slug":"kadra","status":"publish","type":"page","link":"https:\/\/www.zstrzcinica.pl\/wp\/?page_id=9","title":{"rendered":"Kadra"},"content":{"rendered":"\n<div class=\"wp-block-media-text is-stacked-on-mobile\"><figure class=\"wp-block-media-text__media\"><\/figure><div class=\"wp-block-media-text__content\">\n<p>Katarzyna Ko\u015b &#8211; dyrektor <\/p>\n\n\n\n<p>matematyka, fizyka<\/p>\n<\/div><\/div>\n\n\n\n<div class=\"wp-block-media-text is-stacked-on-mobile\"><figure class=\"wp-block-media-text__media\"><\/figure><div class=\"wp-block-media-text__content\">\n<p>Marek Bara &#8211; v-ce dyrektor<\/p>\n\n\n\n<p>ogrodnictwo, sadownictwo<\/p>\n<\/div><\/div>\n\n\n\n<div class=\"wp-block-media-text is-stacked-on-mobile\"><figure class=\"wp-block-media-text__media\"><\/figure><div class=\"wp-block-media-text__content\">\n<p>Ryszard Bal<\/p>\n\n\n\n<p>informatyka, chemia<\/p>\n<\/div><\/div>\n\n\n\n<div class=\"wp-block-media-text is-stacked-on-mobile\"><figure class=\"wp-block-media-text__media\"><\/figure><div class=\"wp-block-media-text__content\">\n<p>Agnieszka Bednarkiewicz<\/p>\n\n\n\n<p>wychowanie fizyczne<\/p>\n<\/div><\/div>\n\n\n\n<div class=\"wp-block-media-text is-stacked-on-mobile\"><figure class=\"wp-block-media-text__media\"><\/figure><div class=\"wp-block-media-text__content\">\n<p>Andrzej Ciurej<\/p>\n\n\n\n<p><\/p>\n<\/div><\/div>\n\n\n\n<div class=\"wp-block-media-text is-stacked-on-mobile\" style=\"grid-template-columns:20% auto\"><figure class=\"wp-block-media-text__media\"><img loading=\"lazy\" decoding=\"async\" width=\"1024\" height=\"1024\" src=\"https:\/\/www.zstrzcinica.pl\/wp\/wp-content\/uploads\/2025\/02\/55-1024x1024.jpg\" alt=\"\" class=\"wp-image-201 size-full\" srcset=\"https:\/\/www.zstrzcinica.pl\/wp\/wp-content\/uploads\/2025\/02\/55-1024x1024.jpg 1024w, https:\/\/www.zstrzcinica.pl\/wp\/wp-content\/uploads\/2025\/02\/55-300x300.jpg 300w, https:\/\/www.zstrzcinica.pl\/wp\/wp-content\/uploads\/2025\/02\/55-150x150.jpg 150w, https:\/\/www.zstrzcinica.pl\/wp\/wp-content\/uploads\/2025\/02\/55-768x768.jpg 768w, https:\/\/www.zstrzcinica.pl\/wp\/wp-content\/uploads\/2025\/02\/55-1536x1536.jpg 1536w, https:\/\/www.zstrzcinica.pl\/wp\/wp-content\/uploads\/2025\/02\/55-1080x1080.jpg 1080w, https:\/\/www.zstrzcinica.pl\/wp\/wp-content\/uploads\/2025\/02\/55.jpg 1772w\" sizes=\"auto, (max-width: 1024px) 100vw, 1024px\" \/><\/figure><div class=\"wp-block-media-text__content\">\n<p>Beata \u0106wi\u0105ka\u0142a<\/p>\n\n\n\n<p>biologia<\/p>\n<\/div><\/div>\n\n\n\n<div class=\"wp-block-media-text is-stacked-on-mobile\"><figure class=\"wp-block-media-text__media\"><\/figure><div class=\"wp-block-media-text__content\">\n<p>Katarzyna Dedo<\/p>\n\n\n\n<p>pedagog<\/p>\n<\/div><\/div>\n\n\n\n<div class=\"wp-block-media-text is-stacked-on-mobile\" style=\"grid-template-columns:20% auto\"><figure class=\"wp-block-media-text__media\"><img loading=\"lazy\" decoding=\"async\" width=\"710\" height=\"1024\" src=\"https:\/\/www.zstrzcinica.pl\/wp\/wp-content\/uploads\/2025\/03\/PXL_20250303_073341118.PORTRAIT.ORIGINAL2-710x1024.jpg\" alt=\"\" class=\"wp-image-244 size-full\" srcset=\"https:\/\/www.zstrzcinica.pl\/wp\/wp-content\/uploads\/2025\/03\/PXL_20250303_073341118.PORTRAIT.ORIGINAL2-710x1024.jpg 710w, https:\/\/www.zstrzcinica.pl\/wp\/wp-content\/uploads\/2025\/03\/PXL_20250303_073341118.PORTRAIT.ORIGINAL2-208x300.jpg 208w, https:\/\/www.zstrzcinica.pl\/wp\/wp-content\/uploads\/2025\/03\/PXL_20250303_073341118.PORTRAIT.ORIGINAL2-768x1108.jpg 768w, https:\/\/www.zstrzcinica.pl\/wp\/wp-content\/uploads\/2025\/03\/PXL_20250303_073341118.PORTRAIT.ORIGINAL2-1065x1536.jpg 1065w, https:\/\/www.zstrzcinica.pl\/wp\/wp-content\/uploads\/2025\/03\/PXL_20250303_073341118.PORTRAIT.ORIGINAL2-1419x2048.jpg 1419w, https:\/\/www.zstrzcinica.pl\/wp\/wp-content\/uploads\/2025\/03\/PXL_20250303_073341118.PORTRAIT.ORIGINAL2-1024x1478.jpg 1024w, https:\/\/www.zstrzcinica.pl\/wp\/wp-content\/uploads\/2025\/03\/PXL_20250303_073341118.PORTRAIT.ORIGINAL2-748x1080.jpg 748w, https:\/\/www.zstrzcinica.pl\/wp\/wp-content\/uploads\/2025\/03\/PXL_20250303_073341118.PORTRAIT.ORIGINAL2-scaled.jpg 1774w\" sizes=\"auto, (max-width: 710px) 100vw, 710px\" \/><\/figure><div class=\"wp-block-media-text__content\">\n<p>Tadeusz George<\/p>\n\n\n\n<p>edukacja dla bezpiecze\u0144stwa, wiedza o zawodzie<\/p>\n<\/div><\/div>\n\n\n\n<div class=\"wp-block-media-text is-stacked-on-mobile\"><figure class=\"wp-block-media-text__media\"><\/figure><div class=\"wp-block-media-text__content\">\n<p>Pawe\u0142 Kosiba<\/p>\n\n\n\n<p>\u017cywienie, gastronomia<\/p>\n<\/div><\/div>\n\n\n\n<div class=\"wp-block-media-text is-stacked-on-mobile\"><figure class=\"wp-block-media-text__media\"><\/figure><div class=\"wp-block-media-text__content\">\n<p>ks. Tadeusz \u015awi\u0119to\u0144<\/p>\n\n\n\n<p>religia<\/p>\n<\/div><\/div>\n\n\n\n<div class=\"wp-block-media-text is-stacked-on-mobile\"><figure class=\"wp-block-media-text__media\"><\/figure><div class=\"wp-block-media-text__content\">\n<p>El\u017cbieta Marcisz<\/p>\n\n\n\n<p>j\u0119zyk polski<\/p>\n<\/div><\/div>\n\n\n\n<div class=\"wp-block-media-text is-stacked-on-mobile\" style=\"grid-template-columns:20% auto\"><figure class=\"wp-block-media-text__media\"><img loading=\"lazy\" decoding=\"async\" width=\"768\" height=\"1024\" src=\"https:\/\/www.zstrzcinica.pl\/wp\/wp-content\/uploads\/2025\/02\/AgnieszkaM-768x1024.jpg\" alt=\"\" class=\"wp-image-203 size-full\" srcset=\"https:\/\/www.zstrzcinica.pl\/wp\/wp-content\/uploads\/2025\/02\/AgnieszkaM-768x1024.jpg 768w, https:\/\/www.zstrzcinica.pl\/wp\/wp-content\/uploads\/2025\/02\/AgnieszkaM-225x300.jpg 225w, https:\/\/www.zstrzcinica.pl\/wp\/wp-content\/uploads\/2025\/02\/AgnieszkaM-1152x1536.jpg 1152w, https:\/\/www.zstrzcinica.pl\/wp\/wp-content\/uploads\/2025\/02\/AgnieszkaM-1024x1365.jpg 1024w, https:\/\/www.zstrzcinica.pl\/wp\/wp-content\/uploads\/2025\/02\/AgnieszkaM-810x1080.jpg 810w, https:\/\/www.zstrzcinica.pl\/wp\/wp-content\/uploads\/2025\/02\/AgnieszkaM.jpg 1530w\" sizes=\"auto, (max-width: 768px) 100vw, 768px\" \/><\/figure><div class=\"wp-block-media-text__content\">\n<p>Agnieszka Marsza\u0142ek<\/p>\n\n\n\n<p>matematyka<\/p>\n<\/div><\/div>\n\n\n\n<div class=\"wp-block-media-text is-stacked-on-mobile\" style=\"grid-template-columns:20% auto\"><figure class=\"wp-block-media-text__media\"><img loading=\"lazy\" decoding=\"async\" width=\"282\" height=\"331\" src=\"https:\/\/www.zstrzcinica.pl\/wp\/wp-content\/uploads\/2025\/02\/Mikolajczyk-2-1.jpg\" alt=\"\" class=\"wp-image-205 size-full\" srcset=\"https:\/\/www.zstrzcinica.pl\/wp\/wp-content\/uploads\/2025\/02\/Mikolajczyk-2-1.jpg 282w, https:\/\/www.zstrzcinica.pl\/wp\/wp-content\/uploads\/2025\/02\/Mikolajczyk-2-1-256x300.jpg 256w\" sizes=\"auto, (max-width: 282px) 100vw, 282px\" \/><\/figure><div class=\"wp-block-media-text__content\">\n<p>Paulina Miko\u0142ajczyk<\/p>\n\n\n\n<p>historia, wiedza o spo\u0142ecze\u0144stwie<\/p>\n<\/div><\/div>\n\n\n\n<div class=\"wp-block-media-text is-stacked-on-mobile\" style=\"grid-template-columns:20% auto\"><figure class=\"wp-block-media-text__media\"><img loading=\"lazy\" decoding=\"async\" width=\"439\" height=\"656\" src=\"https:\/\/www.zstrzcinica.pl\/wp\/wp-content\/uploads\/2025\/02\/Zdjecia-22222.jpg\" alt=\"\" class=\"wp-image-202 size-full\" srcset=\"https:\/\/www.zstrzcinica.pl\/wp\/wp-content\/uploads\/2025\/02\/Zdjecia-22222.jpg 439w, https:\/\/www.zstrzcinica.pl\/wp\/wp-content\/uploads\/2025\/02\/Zdjecia-22222-201x300.jpg 201w\" sizes=\"auto, (max-width: 439px) 100vw, 439px\" \/><\/figure><div class=\"wp-block-media-text__content\">\n<p>Miko\u015b Agata<\/p>\n\n\n\n<p>geografia, podstawy florystyki<\/p>\n<\/div><\/div>\n\n\n\n<div class=\"wp-block-media-text is-stacked-on-mobile\"><figure class=\"wp-block-media-text__media\"><\/figure><div class=\"wp-block-media-text__content\">\n<p>Katarzyna Nabo\u017cny-Skelnik<\/p>\n\n\n\n<p><\/p>\n<\/div><\/div>\n\n\n\n<div class=\"wp-block-media-text is-stacked-on-mobile\"><figure class=\"wp-block-media-text__media\"><\/figure><div class=\"wp-block-media-text__content\">\n<p>Damian Radzik<\/p>\n\n\n\n<p>informatyka<\/p>\n<\/div><\/div>\n\n\n\n<div class=\"wp-block-media-text is-stacked-on-mobile\"><figure class=\"wp-block-media-text__media\"><\/figure><div class=\"wp-block-media-text__content\">\n<p>Monika Sta\u0144czak<\/p>\n\n\n\n<p>j\u0119zyk angielski<\/p>\n<\/div><\/div>\n\n\n\n<div class=\"wp-block-media-text is-stacked-on-mobile\"><figure class=\"wp-block-media-text__media\"><\/figure><div class=\"wp-block-media-text__content\">\n<p>Ma\u0142gorzata Szczepanik<\/p>\n\n\n\n<p>j\u0119zyk angielski<\/p>\n<\/div><\/div>\n\n\n\n<div class=\"wp-block-media-text is-stacked-on-mobile\"><figure class=\"wp-block-media-text__media\"><\/figure><div class=\"wp-block-media-text__content\">\n<p>Iwona Szczerba<\/p>\n\n\n\n<p>religia<\/p>\n<\/div><\/div>\n\n\n\n<div class=\"wp-block-media-text is-stacked-on-mobile\"><figure class=\"wp-block-media-text__media\"><\/figure><div class=\"wp-block-media-text__content\">\n<p>Ma\u0142gorzata Szpak<\/p>\n\n\n\n<p>j\u0119zyk niemiecki<\/p>\n<\/div><\/div>\n\n\n\n<div class=\"wp-block-media-text is-stacked-on-mobile\"><figure class=\"wp-block-media-text__media\"><\/figure><div class=\"wp-block-media-text__content\">\n<p>Barbara Urban<\/p>\n\n\n\n<p>j\u0119zyk polski<\/p>\n<\/div><\/div>\n\n\n\n<div class=\"wp-block-media-text is-stacked-on-mobile\"><figure class=\"wp-block-media-text__media\"><\/figure><div class=\"wp-block-media-text__content\">\n<p>Agnieszka Wojtas<\/p>\n\n\n\n<p>matematyka<\/p>\n<\/div><\/div>\n\n\n\n<div class=\"wp-block-media-text is-stacked-on-mobile\"><figure class=\"wp-block-media-text__media\"><\/figure><div class=\"wp-block-media-text__content\">\n<p>Tomasz Wojtas<\/p>\n\n\n\n<p>wychowanie fizyczne<\/p>\n<\/div><\/div>\n\n\n\n<div class=\"wp-block-media-text is-stacked-on-mobile\"><figure class=\"wp-block-media-text__media\"><\/figure><div class=\"wp-block-media-text__content\">\n<p>Miros\u0142awa W\u00f3jcik<\/p>\n\n\n\n<p>\u017cywienie, gastronomia<\/p>\n<\/div><\/div>\n\n\n\n<p><\/p>\n","protected":false},"excerpt":{"rendered":"<p>Katarzyna Ko\u015b &#8211; dyrektor matematyka, fizyka Marek Bara &#8211; v-ce dyrektor ogrodnictwo, sadownictwo Ryszard Bal informatyka, chemia Agnieszka Bednarkiewicz wychowanie fizyczne Andrzej Ciurej Beata \u0106wi\u0105ka\u0142a biologia Katarzyna Dedo pedagog Tadeusz George edukacja dla bezpiecze\u0144stwa, wiedza o zawodzie Pawe\u0142 Kosiba \u017cywienie, gastronomia ks. Tadeusz \u015awi\u0119to\u0144 religia El\u017cbieta Marcisz j\u0119zyk polski Agnieszka Marsza\u0142ek matematyka Paulina Miko\u0142ajczyk historia,&hellip; <br \/> <a class=\"read-more\" href=\"https:\/\/www.zstrzcinica.pl\/wp\/?page_id=9\">Dowiedz si\u0119 wi\u0119cej<\/a><\/p>\n","protected":false},"author":1,"featured_media":0,"parent":0,"menu_order":0,"comment_status":"closed","ping_status":"closed","template":"","meta":{"footnotes":""},"class_list":["post-9","page","type-page","status-publish","hentry"],"_links":{"self":[{"href":"https:\/\/www.zstrzcinica.pl\/wp\/index.php?rest_route=\/wp\/v2\/pages\/9","targetHints":{"allow":["GET"]}}],"collection":[{"href":"https:\/\/www.zstrzcinica.pl\/wp\/index.php?rest_route=\/wp\/v2\/pages"}],"about":[{"href":"https:\/\/www.zstrzcinica.pl\/wp\/index.php?rest_route=\/wp\/v2\/types\/page"}],"author":[{"embeddable":true,"href":"https:\/\/www.zstrzcinica.pl\/wp\/index.php?rest_route=\/wp\/v2\/users\/1"}],"replies":[{"embeddable":true,"href":"https:\/\/www.zstrzcinica.pl\/wp\/index.php?rest_route=%2Fwp%2Fv2%2Fcomments&post=9"}],"version-history":[{"count":11,"href":"https:\/\/www.zstrzcinica.pl\/wp\/index.php?rest_route=\/wp\/v2\/pages\/9\/revisions"}],"predecessor-version":[{"id":245,"href":"https:\/\/www.zstrzcinica.pl\/wp\/index.php?rest_route=\/wp\/v2\/pages\/9\/revisions\/245"}],"wp:attachment":[{"href":"https:\/\/www.zstrzcinica.pl\/wp\/index.php?rest_route=%2Fwp%2Fv2%2Fmedia&parent=9"}],"curies":[{"name":"wp","href":"https:\/\/api.w.org\/{rel}","templated":true}]}}